{"id":93,"date":"2014-11-03T01:46:28","date_gmt":"2014-11-03T01:46:28","guid":{"rendered":"https:\/\/magoezequias.com.ar\/tienda\/?post_type=product&#038;p=93"},"modified":"2019-11-20T03:04:13","modified_gmt":"2019-11-20T03:04:13","slug":"silk-cola","status":"publish","type":"product","link":"https:\/\/magoezequias.com.ar\/tienda\/producto\/silk-cola","title":{"rendered":"Silk Cola"},"content":{"rendered":"<p><a href=\"https:\/\/magoezequias.com.ar\/tienda\/wp-content\/uploads\/2014\/11\/bachi_silk_cola.jpg\"><img fetchpriority=\"high\" decoding=\"async\" class=\"alignnone size-full wp-image-90\" src=\"https:\/\/magoezequias.com.ar\/tienda\/wp-content\/uploads\/2014\/11\/bachi_silk_cola.jpg\" alt=\"bachi_silk_cola\" width=\"768\" height=\"768\" srcset=\"https:\/\/magoezequias.com.ar\/tienda\/wp-content\/uploads\/2014\/11\/bachi_silk_cola.jpg 768w, https:\/\/magoezequias.com.ar\/tienda\/wp-content\/uploads\/2014\/11\/bachi_silk_cola-300x300.jpg 300w, https:\/\/magoezequias.com.ar\/tienda\/wp-content\/uploads\/2014\/11\/bachi_silk_cola-90x90.jpg 90w, https:\/\/magoezequias.com.ar\/tienda\/wp-content\/uploads\/2014\/11\/bachi_silk_cola-150x150.jpg 150w\" sizes=\"(max-width: 768px) 100vw, 768px\" \/><\/a><\/p>\n<p>&nbsp;<\/p>\n<p>Se muestra una botella vac\u00eda, se la introduce dentro de un tubo de papas. Acto seguido se hace desaparecer un pa\u00f1uelo y \u00e9ste m\u00e1gicamente ha viajado dentro de la botella.<\/p>\n<p>&nbsp;<\/p>\n<p>&nbsp;<\/p>\n<p><iframe src=\"\/\/www.youtube.com\/embed\/XS2NQTDMH6Y\" width=\"560\" height=\"315\" frameborder=\"0\" allowfullscreen=\"allowfullscreen\"><\/iframe><\/p>\n<p><iframe src=\"\/\/www.youtube.com\/embed\/ZTEKmYPjMXI\" width=\"480\" height=\"360\" frameborder=\"0\" allowfullscreen=\"allowfullscreen\"><\/iframe><\/p>\n","protected":false},"excerpt":{"rendered":"<p>&nbsp; Se muestra una botella vac\u00eda, se la introduce dentro de un tubo de papas. Acto seguido se hace desaparecer un pa\u00f1uelo y \u00e9ste m\u00e1gicamente ha viajado dentro de la botella. &nbsp; &nbsp;<\/p>\n","protected":false},"featured_media":90,"comment_status":"open","ping_status":"closed","template":"","meta":[],"product_brand":[],"product_cat":[8,9],"product_tag":[44,51,49,50,52],"class_list":{"0":"post-93","1":"product","2":"type-product","3":"status-publish","4":"has-post-thumbnail","6":"product_cat-infantil","7":"product_cat-salon","8":"product_tag-bachi","9":"product_tag-botella","10":"product_tag-coca","11":"product_tag-cola","12":"product_tag-panuelo","14":"first","15":"outofstock","16":"shipping-taxable","17":"purchasable","18":"product-type-simple"},"aioseo_notices":[],"_links":{"self":[{"href":"https:\/\/magoezequias.com.ar\/tienda\/wp-json\/wp\/v2\/product\/93","targetHints":{"allow":["GET"]}}],"collection":[{"href":"https:\/\/magoezequias.com.ar\/tienda\/wp-json\/wp\/v2\/product"}],"about":[{"href":"https:\/\/magoezequias.com.ar\/tienda\/wp-json\/wp\/v2\/types\/product"}],"replies":[{"embeddable":true,"href":"https:\/\/magoezequias.com.ar\/tienda\/wp-json\/wp\/v2\/comments?post=93"}],"version-history":[{"count":0,"href":"https:\/\/magoezequias.com.ar\/tienda\/wp-json\/wp\/v2\/product\/93\/revisions"}],"wp:featuredmedia":[{"embeddable":true,"href":"https:\/\/magoezequias.com.ar\/tienda\/wp-json\/wp\/v2\/media\/90"}],"wp:attachment":[{"href":"https:\/\/magoezequias.com.ar\/tienda\/wp-json\/wp\/v2\/media?parent=93"}],"wp:term":[{"taxonomy":"product_brand","embeddable":true,"href":"https:\/\/magoezequias.com.ar\/tienda\/wp-json\/wp\/v2\/product_brand?post=93"},{"taxonomy":"product_cat","embeddable":true,"href":"https:\/\/magoezequias.com.ar\/tienda\/wp-json\/wp\/v2\/product_cat?post=93"},{"taxonomy":"product_tag","embeddable":true,"href":"https:\/\/magoezequias.com.ar\/tienda\/wp-json\/wp\/v2\/product_tag?post=93"}],"curies":[{"name":"wp","href":"https:\/\/api.w.org\/{rel}","templated":true}]}}