{"id":937,"date":"2017-10-15T19:45:34","date_gmt":"2017-10-15T19:45:34","guid":{"rendered":"https:\/\/magoezequias.com.ar\/tienda\/?post_type=product&#038;p=937"},"modified":"2021-02-09T20:39:16","modified_gmt":"2021-02-09T20:39:16","slug":"soga-hindu","status":"publish","type":"product","link":"https:\/\/magoezequias.com.ar\/tienda\/producto\/soga-hindu","title":{"rendered":"Soga Hind\u00fa"},"content":{"rendered":"<p><a href=\"https:\/\/magoezequias.com.ar\/tienda\/wp-content\/uploads\/2017\/10\/indu3.jpg\"><img fetchpriority=\"high\" decoding=\"async\" class=\"aligncenter size-full wp-image-939\" src=\"https:\/\/magoezequias.com.ar\/tienda\/wp-content\/uploads\/2017\/10\/indu3.jpg\" alt=\"\" width=\"277\" height=\"203\" \/><\/a><\/p>\n<p>&nbsp;<\/p>\n<p>El mago muestra un pedazo enrollado de la cuerda, la desenrolla y se estira entre las dos manos, en posici\u00f3n horizontal, y pretende hipnotizar a la cuerda.<\/p>\n<p>&nbsp;<\/p>\n<p>&nbsp;<\/p>\n<p>Dram\u00e1ticamente libera un extremo de la cuerda de una mano. La cuerda permanece en la misma posici\u00f3n, r\u00edgida.<\/p>\n<p>&nbsp;<\/p>\n<p>&nbsp;<\/p>\n<p>Usted tambi\u00e9n puede tener la cuerda en el centro cuando est\u00e1 r\u00edgido. Con un poco de cuidado puede hacer que la cuerda estar casi en posici\u00f3n vertical.<\/p>\n<p>&nbsp;<\/p>\n<p>Usted simplemente soplar sobre la cuerda, y se cae fl\u00e1cido una vez m\u00e1s.<\/p>\n<p>&nbsp;<\/p>\n<p>Usted puede utilizar este efecto como un efecto independiente o combinar con otros efectos. La cuerda puede ser utilizada como un accesorio comedia con otro truco, o como un efecto por s\u00ed misma.<\/p>\n<p>&nbsp;<\/p>\n<p>&nbsp;<\/p>\n<p>Tenga en cuenta que no se pueden hacer a pie r\u00edgido en una posici\u00f3n vertical total. Cuerda r\u00edgida es de unos 30 cent\u00edmetros de largo y est\u00e1 hecha con una cuerda blanca muy espesa que hace que sea visible desde la distancia.<\/p>\n<p>&nbsp;<\/p>\n<p>&nbsp;<\/p>\n<p>Este truco de magia es muy f\u00e1cil de realizar!<\/p>\n","protected":false},"excerpt":{"rendered":"<p>Para magia seria o de comedia, musical o hablado.<\/p>\n","protected":false},"featured_media":940,"comment_status":"open","ping_status":"closed","template":"","meta":[],"product_brand":[],"product_cat":[8,319,9],"product_tag":[159,380,96],"class_list":{"0":"post-937","1":"product","2":"type-product","3":"status-publish","4":"has-post-thumbnail","6":"product_cat-infantil","7":"product_cat-principiantes","8":"product_cat-salon","9":"product_tag-cuerda","10":"product_tag-indu","11":"product_tag-soga","13":"first","14":"outofstock","15":"shipping-taxable","16":"purchasable","17":"product-type-simple"},"aioseo_notices":[],"_links":{"self":[{"href":"https:\/\/magoezequias.com.ar\/tienda\/wp-json\/wp\/v2\/product\/937","targetHints":{"allow":["GET"]}}],"collection":[{"href":"https:\/\/magoezequias.com.ar\/tienda\/wp-json\/wp\/v2\/product"}],"about":[{"href":"https:\/\/magoezequias.com.ar\/tienda\/wp-json\/wp\/v2\/types\/product"}],"replies":[{"embeddable":true,"href":"https:\/\/magoezequias.com.ar\/tienda\/wp-json\/wp\/v2\/comments?post=937"}],"version-history":[{"count":0,"href":"https:\/\/magoezequias.com.ar\/tienda\/wp-json\/wp\/v2\/product\/937\/revisions"}],"wp:featuredmedia":[{"embeddable":true,"href":"https:\/\/magoezequias.com.ar\/tienda\/wp-json\/wp\/v2\/media\/940"}],"wp:attachment":[{"href":"https:\/\/magoezequias.com.ar\/tienda\/wp-json\/wp\/v2\/media?parent=937"}],"wp:term":[{"taxonomy":"product_brand","embeddable":true,"href":"https:\/\/magoezequias.com.ar\/tienda\/wp-json\/wp\/v2\/product_brand?post=937"},{"taxonomy":"product_cat","embeddable":true,"href":"https:\/\/magoezequias.com.ar\/tienda\/wp-json\/wp\/v2\/product_cat?post=937"},{"taxonomy":"product_tag","embeddable":true,"href":"https:\/\/magoezequias.com.ar\/tienda\/wp-json\/wp\/v2\/product_tag?post=937"}],"curies":[{"name":"wp","href":"https:\/\/api.w.org\/{rel}","templated":true}]}}