{"id":95,"date":"2014-11-03T01:50:35","date_gmt":"2014-11-03T01:50:35","guid":{"rendered":"https:\/\/magoezequias.com.ar\/tienda\/?post_type=product&#038;p=95"},"modified":"2023-02-17T19:32:49","modified_gmt":"2023-02-17T19:32:49","slug":"adivinacion-perfecta","status":"publish","type":"product","link":"https:\/\/magoezequias.com.ar\/tienda\/producto\/adivinacion-perfecta","title":{"rendered":"Adivinaci\u00f3n Perfecta"},"content":{"rendered":"<p><a href=\"https:\/\/magoezequias.com.ar\/tienda\/wp-content\/uploads\/2014\/11\/bachi_adivinacion_perfecta.jpg\"><img fetchpriority=\"high\" decoding=\"async\" class=\"alignnone size-full wp-image-88\" src=\"https:\/\/magoezequias.com.ar\/tienda\/wp-content\/uploads\/2014\/11\/bachi_adivinacion_perfecta.jpg\" alt=\"bachi_adivinacion_perfecta\" width=\"800\" height=\"533\" srcset=\"https:\/\/magoezequias.com.ar\/tienda\/wp-content\/uploads\/2014\/11\/bachi_adivinacion_perfecta.jpg 800w, https:\/\/magoezequias.com.ar\/tienda\/wp-content\/uploads\/2014\/11\/bachi_adivinacion_perfecta-300x199.jpg 300w\" sizes=\"(max-width: 800px) 100vw, 800px\" \/><\/a><\/p>\n<p>&nbsp;<\/p>\n<p style=\"text-align: justify;\">Se da a mezclar un mazo de cartas a un espectador o a varios, Luego se guarda en el estuche y se lo da a un espectador para que lo tenga y lo vigile de que nadie lo manipule.<\/p>\n<p style=\"text-align: justify;\">Luego se le pide un numero a 4 personas y se anotan en la pizarra, A partir de esos n\u00fameros se van descartando naipes del mazo hasta llegar a uno que es el naipe que se queda el espectador. El mago dice que lo adivinar\u00e1 de una forma m\u00e1gica.<\/p>\n<p style=\"text-align: justify;\">El mago despliega la pizarra en dos y al abrirse se ve dibujada en su interior la misma carta que el espectador tiene en su poder. Debajo de la carta que est\u00e1 dibujada se ve la palabra APLAUSOS, lo que hace que el publico aplauda instant\u00e1neamente.<\/p>\n<p><strong>La versi\u00f3n actual es para escribir con un fibr\u00f3n o marcador de pizarra.\u00a0<\/strong><\/p>\n<p>&nbsp;<\/p>\n","protected":false},"excerpt":{"rendered":"<p>Si te ha pasado llegar a un show y encontrarte con que tu lugar de trabajo esta rodeado de p\u00fablico y en esas condiciones es imposible presentar tus juegos por los \u00e1ngulos que tienen, ADIVINACI\u00d3N PERFECTA es la soluci\u00f3n!!!<\/p>\n","protected":false},"featured_media":88,"comment_status":"open","ping_status":"closed","template":"","meta":[],"product_brand":[],"product_cat":[12,9],"product_tag":[53,44,54],"class_list":{"0":"post-95","1":"product","2":"type-product","3":"status-publish","4":"has-post-thumbnail","6":"product_cat-cartomagia","7":"product_cat-salon","8":"product_tag-adivinacion","9":"product_tag-bachi","10":"product_tag-perfecta","12":"first","13":"outofstock","14":"shipping-taxable","15":"purchasable","16":"product-type-simple"},"aioseo_notices":[],"_links":{"self":[{"href":"https:\/\/magoezequias.com.ar\/tienda\/wp-json\/wp\/v2\/product\/95","targetHints":{"allow":["GET"]}}],"collection":[{"href":"https:\/\/magoezequias.com.ar\/tienda\/wp-json\/wp\/v2\/product"}],"about":[{"href":"https:\/\/magoezequias.com.ar\/tienda\/wp-json\/wp\/v2\/types\/product"}],"replies":[{"embeddable":true,"href":"https:\/\/magoezequias.com.ar\/tienda\/wp-json\/wp\/v2\/comments?post=95"}],"version-history":[{"count":0,"href":"https:\/\/magoezequias.com.ar\/tienda\/wp-json\/wp\/v2\/product\/95\/revisions"}],"wp:featuredmedia":[{"embeddable":true,"href":"https:\/\/magoezequias.com.ar\/tienda\/wp-json\/wp\/v2\/media\/88"}],"wp:attachment":[{"href":"https:\/\/magoezequias.com.ar\/tienda\/wp-json\/wp\/v2\/media?parent=95"}],"wp:term":[{"taxonomy":"product_brand","embeddable":true,"href":"https:\/\/magoezequias.com.ar\/tienda\/wp-json\/wp\/v2\/product_brand?post=95"},{"taxonomy":"product_cat","embeddable":true,"href":"https:\/\/magoezequias.com.ar\/tienda\/wp-json\/wp\/v2\/product_cat?post=95"},{"taxonomy":"product_tag","embeddable":true,"href":"https:\/\/magoezequias.com.ar\/tienda\/wp-json\/wp\/v2\/product_tag?post=95"}],"curies":[{"name":"wp","href":"https:\/\/api.w.org\/{rel}","templated":true}]}}