{"id":952,"date":"2017-10-17T00:23:22","date_gmt":"2017-10-17T00:23:22","guid":{"rendered":"https:\/\/magoezequias.com.ar\/tienda\/?post_type=product&#038;p=952"},"modified":"2020-02-14T23:00:55","modified_gmt":"2020-02-14T23:00:55","slug":"bolsa-de-produccion-de-dados","status":"publish","type":"product","link":"https:\/\/magoezequias.com.ar\/tienda\/producto\/bolsa-de-produccion-de-dados","title":{"rendered":"Bolsa de Producci\u00f3n de Dados"},"content":{"rendered":"<p><a href=\"https:\/\/magoezequias.com.ar\/tienda\/wp-content\/uploads\/2017\/10\/bolsa-dados-2.jpg\"><img fetchpriority=\"high\" decoding=\"async\" class=\"aligncenter size-full wp-image-953\" src=\"https:\/\/magoezequias.com.ar\/tienda\/wp-content\/uploads\/2017\/10\/bolsa-dados-2.jpg\" alt=\"\" width=\"409\" height=\"336\" srcset=\"https:\/\/magoezequias.com.ar\/tienda\/wp-content\/uploads\/2017\/10\/bolsa-dados-2.jpg 409w, https:\/\/magoezequias.com.ar\/tienda\/wp-content\/uploads\/2017\/10\/bolsa-dados-2-300x246.jpg 300w\" sizes=\"(max-width: 409px) 100vw, 409px\" \/><\/a><\/p>\n<p>&nbsp;<\/p>\n<p>&nbsp;<\/p>\n<p>El mago muestra una bolsa de papel totalmente doblada y plana, luego la despliega y muestra su interior completamente vac\u00edo. La bolsa se muestra por todos lados de manera muy clara para que el p\u00fablico este convencido de que no podr\u00eda haber nada oculto en ella.<\/p>\n<p>&nbsp;<\/p>\n<p>&nbsp;<\/p>\n<p>&nbsp;<\/p>\n<p>Luego de unos pases m\u00e1gicos seis dados se producen desde la bolsa. Si el mago lo desea, puede mostrar la bolsa vac\u00eda en cualquier momento de las producciones. El artista termina limpio con seis dados que se ven muy s\u00f3lidos en su mesa y una bolsa vac\u00eda. La pila de dados es mucho m\u00e1s grande que la bolsa y es imposible volver a ponerlos en la misma.<\/p>\n<p>&nbsp;<\/p>\n<p>&nbsp;<\/p>\n<p>Usted recibe seis Dados \u00abPop-Up\u00bb de diferentes colores que tienen 7 cm por lado. Podr\u00e1 producirlos de la bolsa de papel madera trucada que acompa\u00f1a el set o desde las p\u00e1ginas de un libro, un sobre, una billetera o lo que su imaginaci\u00f3n disponga.<\/p>\n<p>&nbsp;<\/p>\n","protected":false},"excerpt":{"rendered":"<p>Un conjunto de seis Dados \u00abPop-Up\u00bb que aparentemente se producen desde el aire.<\/p>\n","protected":false},"featured_media":953,"comment_status":"open","ping_status":"closed","template":"","meta":[],"product_brand":[],"product_cat":[10,8,319],"product_tag":[192,387,386],"class_list":{"0":"post-952","1":"product","2":"type-product","3":"status-publish","4":"has-post-thumbnail","6":"product_cat-escena","7":"product_cat-infantil","8":"product_cat-principiantes","9":"product_tag-bolsa","10":"product_tag-dados","11":"product_tag-produccin","13":"first","14":"outofstock","15":"shipping-taxable","16":"purchasable","17":"product-type-simple"},"aioseo_notices":[],"_links":{"self":[{"href":"https:\/\/magoezequias.com.ar\/tienda\/wp-json\/wp\/v2\/product\/952","targetHints":{"allow":["GET"]}}],"collection":[{"href":"https:\/\/magoezequias.com.ar\/tienda\/wp-json\/wp\/v2\/product"}],"about":[{"href":"https:\/\/magoezequias.com.ar\/tienda\/wp-json\/wp\/v2\/types\/product"}],"replies":[{"embeddable":true,"href":"https:\/\/magoezequias.com.ar\/tienda\/wp-json\/wp\/v2\/comments?post=952"}],"version-history":[{"count":0,"href":"https:\/\/magoezequias.com.ar\/tienda\/wp-json\/wp\/v2\/product\/952\/revisions"}],"wp:featuredmedia":[{"embeddable":true,"href":"https:\/\/magoezequias.com.ar\/tienda\/wp-json\/wp\/v2\/media\/953"}],"wp:attachment":[{"href":"https:\/\/magoezequias.com.ar\/tienda\/wp-json\/wp\/v2\/media?parent=952"}],"wp:term":[{"taxonomy":"product_brand","embeddable":true,"href":"https:\/\/magoezequias.com.ar\/tienda\/wp-json\/wp\/v2\/product_brand?post=952"},{"taxonomy":"product_cat","embeddable":true,"href":"https:\/\/magoezequias.com.ar\/tienda\/wp-json\/wp\/v2\/product_cat?post=952"},{"taxonomy":"product_tag","embeddable":true,"href":"https:\/\/magoezequias.com.ar\/tienda\/wp-json\/wp\/v2\/product_tag?post=952"}],"curies":[{"name":"wp","href":"https:\/\/api.w.org\/{rel}","templated":true}]}}