{"id":958,"date":"2017-10-17T18:22:30","date_gmt":"2017-10-17T18:22:30","guid":{"rendered":"https:\/\/magoezequias.com.ar\/tienda\/?post_type=product&#038;p=958"},"modified":"2020-10-22T19:21:08","modified_gmt":"2020-10-22T19:21:08","slug":"gabriel-monge-magia-impromptu-vol-1","status":"publish","type":"product","link":"https:\/\/magoezequias.com.ar\/tienda\/producto\/gabriel-monge-magia-impromptu-vol-1","title":{"rendered":"Gabriel Monge \u2013 Magia impromptu Vol 1\u00a0"},"content":{"rendered":"<p><a href=\"https:\/\/magoezequias.com.ar\/tienda\/wp-content\/uploads\/2017\/10\/gabriel-monge-dvd1.jpg\"><img fetchpriority=\"high\" decoding=\"async\" class=\"aligncenter size-full wp-image-961\" src=\"https:\/\/magoezequias.com.ar\/tienda\/wp-content\/uploads\/2017\/10\/gabriel-monge-dvd1.jpg\" alt=\"\" width=\"336\" height=\"354\" srcset=\"https:\/\/magoezequias.com.ar\/tienda\/wp-content\/uploads\/2017\/10\/gabriel-monge-dvd1.jpg 336w, https:\/\/magoezequias.com.ar\/tienda\/wp-content\/uploads\/2017\/10\/gabriel-monge-dvd1-285x300.jpg 285w\" sizes=\"(max-width: 336px) 100vw, 336px\" \/><\/a><a href=\"https:\/\/magoezequias.com.ar\/tienda\/wp-content\/uploads\/2017\/10\/gabriel-monge.jpg\"><br \/>\n<\/a><\/p>\n<p>Una recopilaci\u00f3n de efectos de magia impromptu con objetos cotidianos, sin preparaci\u00f3n alguna. Ahora podes hacer magia en cualquier lugar con elementos prestados o directamente sin elementos.<\/p>\n<p>&nbsp;<\/p>\n<p>Podr\u00e1s realizar incre\u00edbles efectos muy fuertes y visuales con monedas, billetes, gomitas, sorbetes, f\u00f3sforos, papeles, anillos, servilletas y m\u00e1s.\u00a0Efectos de adivinaciones, predicciones, transposiciones, suspensiones, revelaciones, simpat\u00eda, penetraciones y m\u00e1s!<\/p>\n<p>&nbsp;<\/p>\n<p>Primer trabajo en video de un joven y talentoso mago Rosarino sobre esta tem\u00e1tica. Filmados en situaciones reales y explicaciones detalladas y muy claras a dos c\u00e1maras.<\/p>\n<p>&nbsp;<\/p>\n<p>&nbsp;<\/p>\n<p><span style=\"line-height: 1.5;\">Un material que todo mago aficionado o profesional deber\u00eda tener como referencia para estar siempre preparado en cualquier circunstancia.\u00a0<\/span>Con pr\u00f3logo del Gran Bronzini y Diego Prieto.<\/p>\n<p>&nbsp;<\/p>\n<p>Solicitar formato del disco en DVD o MP4.<\/p>\n<p>&nbsp;<\/p>\n<p>&nbsp;<\/p>\n<p><iframe src=\"https:\/\/www.youtube.com\/embed\/Atb9fhwJLbM\" width=\"560\" height=\"315\" frameborder=\"0\" allowfullscreen=\"allowfullscreen\"><\/iframe><\/p>\n","protected":false},"excerpt":{"rendered":"<p>Una recopilaci\u00f3n de efectos de magia impromptu con objetos cotidianos, sin preparaci\u00f3n alguna. Ahora podes hacer magia en cualquier lugar con elementos prestados o directamente sin elementos. &nbsp; Podr\u00e1s realizar incre\u00edbles efectos muy fuertes y visuales con monedas, billetes, gomitas, sorbetes, f\u00f3sforos, papeles, anillos, servilletas y m\u00e1s.\u00a0Efectos de adivinaciones, predicciones, transposiciones, suspensiones, revelaciones, simpat\u00eda, penetraciones [&hellip;]<\/p>\n","protected":false},"featured_media":961,"comment_status":"open","ping_status":"closed","template":"","meta":[],"product_brand":[],"product_cat":[11,124,319],"product_tag":[390,388,392,389,391],"class_list":{"0":"post-958","1":"product","2":"type-product","3":"status-publish","4":"has-post-thumbnail","6":"product_cat-close-up","7":"product_cat-dvd-libros","8":"product_cat-principiantes","9":"product_tag-dvd","10":"product_tag-gabriel","11":"product_tag-impromptu","12":"product_tag-monge","13":"product_tag-video","15":"first","16":"outofstock","17":"shipping-taxable","18":"purchasable","19":"product-type-simple"},"aioseo_notices":[],"_links":{"self":[{"href":"https:\/\/magoezequias.com.ar\/tienda\/wp-json\/wp\/v2\/product\/958","targetHints":{"allow":["GET"]}}],"collection":[{"href":"https:\/\/magoezequias.com.ar\/tienda\/wp-json\/wp\/v2\/product"}],"about":[{"href":"https:\/\/magoezequias.com.ar\/tienda\/wp-json\/wp\/v2\/types\/product"}],"replies":[{"embeddable":true,"href":"https:\/\/magoezequias.com.ar\/tienda\/wp-json\/wp\/v2\/comments?post=958"}],"version-history":[{"count":0,"href":"https:\/\/magoezequias.com.ar\/tienda\/wp-json\/wp\/v2\/product\/958\/revisions"}],"wp:featuredmedia":[{"embeddable":true,"href":"https:\/\/magoezequias.com.ar\/tienda\/wp-json\/wp\/v2\/media\/961"}],"wp:attachment":[{"href":"https:\/\/magoezequias.com.ar\/tienda\/wp-json\/wp\/v2\/media?parent=958"}],"wp:term":[{"taxonomy":"product_brand","embeddable":true,"href":"https:\/\/magoezequias.com.ar\/tienda\/wp-json\/wp\/v2\/product_brand?post=958"},{"taxonomy":"product_cat","embeddable":true,"href":"https:\/\/magoezequias.com.ar\/tienda\/wp-json\/wp\/v2\/product_cat?post=958"},{"taxonomy":"product_tag","embeddable":true,"href":"https:\/\/magoezequias.com.ar\/tienda\/wp-json\/wp\/v2\/product_tag?post=958"}],"curies":[{"name":"wp","href":"https:\/\/api.w.org\/{rel}","templated":true}]}}