{"id":972,"date":"2017-11-09T22:18:09","date_gmt":"2017-11-09T22:18:09","guid":{"rendered":"https:\/\/magoezequias.com.ar\/tienda\/?post_type=product&#038;p=972"},"modified":"2026-04-10T12:09:54","modified_gmt":"2026-04-10T15:09:54","slug":"bolsa-de-produccion-de-cajas-flores","status":"publish","type":"product","link":"https:\/\/magoezequias.com.ar\/tienda\/producto\/bolsa-de-produccion-de-cajas-flores","title":{"rendered":"Bolsa de producci\u00f3n de cajas de flores"},"content":{"rendered":"<p><a href=\"https:\/\/magoezequias.com.ar\/tienda\/wp-content\/uploads\/2017\/11\/bolsa-flores.jpg\"><img fetchpriority=\"high\" decoding=\"async\" class=\"aligncenter size-full wp-image-975\" src=\"https:\/\/magoezequias.com.ar\/tienda\/wp-content\/uploads\/2017\/11\/bolsa-flores.jpg\" alt=\"\" width=\"517\" height=\"331\" srcset=\"https:\/\/magoezequias.com.ar\/tienda\/wp-content\/uploads\/2017\/11\/bolsa-flores.jpg 517w, https:\/\/magoezequias.com.ar\/tienda\/wp-content\/uploads\/2017\/11\/bolsa-flores-300x192.jpg 300w\" sizes=\"(max-width: 517px) 100vw, 517px\" \/><\/a><a href=\"https:\/\/magoezequias.com.ar\/tienda\/wp-content\/uploads\/2017\/11\/bolsa-flores.jpg\"><br \/>\n<\/a><\/p>\n<p>El mago muestra una bolsa de papel, doblada y plana.\u00a0Adem\u00e1s muestra ambas manos vac\u00edas. Luego abra la bolsa y saca una caja transparente llena de coloridas flores.<\/p>\n<p>&nbsp;<\/p>\n<p>&nbsp;<\/p>\n<p>\u00a1Mete otra vez la mano en la bolsa y saca una segunda caja de flores!<\/p>\n<p>&nbsp;<\/p>\n<p>&nbsp;<\/p>\n<p>Apila la segunda caja sobre la primera y demuestra que son m\u00e1s grandes que la bolsa.<\/p>\n<p>\u00a1Parece incre\u00edble, una producci\u00f3n seria de una bolsa vac\u00eda y plana!<\/p>\n<p>&nbsp;<\/p>\n<p>&nbsp;<\/p>\n<p>Por \u00faltimo muestra la bolsa vac\u00eda antes de producir la tercera y \u00faltima caja de flores.<\/p>\n<p>Compra dos de estos y puedes producir las 6 cajas de una sola bolsa, \u00a1un verdadero milagro!<\/p>\n<p>&nbsp;<\/p>\n<p>&nbsp;<\/p>\n<p>Una ilusi\u00f3n visual excepcional que es f\u00e1cil de realizar, incluso rodeada.<\/p>\n<p>&nbsp;<\/p>\n<p>&nbsp;<\/p>\n<p>\u00a1Lo que es realmente sorprendente es que las cajas de flores no pueden entrar en la bolsa!\u00a0Parecen haber aparecido de la nada.<\/p>\n<p>&nbsp;<\/p>\n<p>Tama\u00f1o: bolsa de Papel (25 cm x 18 cm).\u00a0Caja de flores (18 cm x 8 cm)<\/p>\n<p>Usted recibe una bolsa resistente de papel madera y 3 cajas de flores.<\/p>\n<p>&nbsp;<\/p>\n<p><iframe src=\"https:\/\/www.youtube.com\/embed\/cwJyQIUglkk\" width=\"560\" height=\"315\" frameborder=\"0\" allowfullscreen=\"allowfullscreen\"><\/iframe><\/p>\n","protected":false},"excerpt":{"rendered":"<p>Un efecto maravilloso y visual, ideal para cualquier p\u00fablico.\u00a0Muy f\u00e1cil de ejecutar.<\/p>\n","protected":false},"featured_media":976,"comment_status":"open","ping_status":"closed","template":"","meta":[],"product_brand":[],"product_cat":[319,10,8,9],"product_tag":[356,192,207,395,157],"class_list":{"0":"post-972","1":"product","2":"type-product","3":"status-publish","4":"has-post-thumbnail","6":"product_cat-principiantes","7":"product_cat-escena","8":"product_cat-infantil","9":"product_cat-salon","10":"product_tag-aparicion","11":"product_tag-bolsa","12":"product_tag-caja","13":"product_tag-flores","14":"product_tag-produccion","16":"first","17":"outofstock","18":"shipping-taxable","19":"purchasable","20":"product-type-simple"},"aioseo_notices":[],"_links":{"self":[{"href":"https:\/\/magoezequias.com.ar\/tienda\/wp-json\/wp\/v2\/product\/972","targetHints":{"allow":["GET"]}}],"collection":[{"href":"https:\/\/magoezequias.com.ar\/tienda\/wp-json\/wp\/v2\/product"}],"about":[{"href":"https:\/\/magoezequias.com.ar\/tienda\/wp-json\/wp\/v2\/types\/product"}],"replies":[{"embeddable":true,"href":"https:\/\/magoezequias.com.ar\/tienda\/wp-json\/wp\/v2\/comments?post=972"}],"version-history":[{"count":1,"href":"https:\/\/magoezequias.com.ar\/tienda\/wp-json\/wp\/v2\/product\/972\/revisions"}],"predecessor-version":[{"id":18243,"href":"https:\/\/magoezequias.com.ar\/tienda\/wp-json\/wp\/v2\/product\/972\/revisions\/18243"}],"wp:featuredmedia":[{"embeddable":true,"href":"https:\/\/magoezequias.com.ar\/tienda\/wp-json\/wp\/v2\/media\/976"}],"wp:attachment":[{"href":"https:\/\/magoezequias.com.ar\/tienda\/wp-json\/wp\/v2\/media?parent=972"}],"wp:term":[{"taxonomy":"product_brand","embeddable":true,"href":"https:\/\/magoezequias.com.ar\/tienda\/wp-json\/wp\/v2\/product_brand?post=972"},{"taxonomy":"product_cat","embeddable":true,"href":"https:\/\/magoezequias.com.ar\/tienda\/wp-json\/wp\/v2\/product_cat?post=972"},{"taxonomy":"product_tag","embeddable":true,"href":"https:\/\/magoezequias.com.ar\/tienda\/wp-json\/wp\/v2\/product_tag?post=972"}],"curies":[{"name":"wp","href":"https:\/\/api.w.org\/{rel}","templated":true}]}}